{"id":97,"date":"2024-02-05T18:41:03","date_gmt":"2024-02-05T18:41:03","guid":{"rendered":"https:\/\/www.bhpet.com.br\/?post_type=product&#038;p=97"},"modified":"2024-09-17T13:08:54","modified_gmt":"2024-09-17T13:08:54","slug":"racao-whiskas-para-gatos-adultos-sabor-carne-1001kg","status":"publish","type":"product","link":"https:\/\/www.bhpet.com.br\/?product=racao-whiskas-para-gatos-adultos-sabor-carne-1001kg","title":{"rendered":"Ra\u00e7\u00e3o Whiskas para Gatos Adultos Sabor Carne 10,1KG"},"content":{"rendered":"<p>&#8211; Indicada para gatos adultos a partir de 1 ano de idade;<br \/>\n&#8211; Ra\u00e7\u00e3o premium 100% completa e balanceada;<br \/>\n&#8211; Sem corantes presentes na ra\u00e7\u00e3o para gatos adultos;<br \/>\n&#8211; Nuggets crocantes com recheio macio e saboroso;<br \/>\n&#8211; Com prebi\u00f3ticos que contribuem para digest\u00e3o saud\u00e1vel;<br \/>\n&#8211; Desenvolvida nutricionalmente em conjunto com veterin\u00e1rios;<br \/>\n&#8211; Com m\u00faltiplas fibras para promover a sa\u00fade gastrointestinal;<br \/>\n&#8211; Controle de minerais para manter o trato urin\u00e1rio saud\u00e1vel;<br \/>\n&#8211; Vitaminas e antioxidantes que ajudam o sistema imunol\u00f3gico;<br \/>\n&#8211; \u00d4mega 6 e zinco para manter a pele e pelo saud\u00e1veis.<\/p>\n<ul>\n<li class=\"specifications \"><span class=\"spec-key\">Idade: <\/span><span class=\"spec-value\">Adulto<\/span><\/li>\n<li class=\"specifications \"><span class=\"spec-key\">Linha: <\/span><span class=\"spec-value\">Premium<\/span><\/li>\n<li class=\"specifications \"><span class=\"spec-key\">Pet: <\/span><span class=\"spec-value\">Gatos<\/span><\/li>\n<li class=\"specifications \"><span class=\"spec-key\">Tipo: <\/span><span class=\"spec-value\">Ra\u00e7\u00e3o seca<\/span><\/li>\n<li class=\"specifications \"><span class=\"spec-key\">Sabor: <\/span><span class=\"spec-value\">Mix de carnes<\/span><\/li>\n<li class=\"specifications \"><span class=\"spec-key\">Indica\u00e7\u00e3o: <\/span><span class=\"spec-value\">Gatos adultos a partir de 1 ano de idade<\/span><\/li>\n<\/ul>\n","protected":false},"excerpt":{"rendered":"<p>&#8211; Indicada para gatos adultos a partir de 1 ano de idade; &#8211; Ra\u00e7\u00e3o premium 100% completa e balanceada; &#8211;&hellip;<\/p>\n","protected":false},"featured_media":98,"comment_status":"open","ping_status":"closed","template":"","meta":[],"product_cat":[24],"product_tag":[],"_links":{"self":[{"href":"https:\/\/www.bhpet.com.br\/index.php?rest_route=\/wp\/v2\/product\/97"}],"collection":[{"href":"https:\/\/www.bhpet.com.br\/index.php?rest_route=\/wp\/v2\/product"}],"about":[{"href":"https:\/\/www.bhpet.com.br\/index.php?rest_route=\/wp\/v2\/types\/product"}],"replies":[{"embeddable":true,"href":"https:\/\/www.bhpet.com.br\/index.php?rest_route=%2Fwp%2Fv2%2Fcomments&post=97"}],"wp:featuredmedia":[{"embeddable":true,"href":"https:\/\/www.bhpet.com.br\/index.php?rest_route=\/wp\/v2\/media\/98"}],"wp:attachment":[{"href":"https:\/\/www.bhpet.com.br\/index.php?rest_route=%2Fwp%2Fv2%2Fmedia&parent=97"}],"wp:term":[{"taxonomy":"product_cat","embeddable":true,"href":"https:\/\/www.bhpet.com.br\/index.php?rest_route=%2Fwp%2Fv2%2Fproduct_cat&post=97"},{"taxonomy":"product_tag","embeddable":true,"href":"https:\/\/www.bhpet.com.br\/index.php?rest_route=%2Fwp%2Fv2%2Fproduct_tag&post=97"}],"curies":[{"name":"wp","href":"https:\/\/api.w.org\/{rel}","templated":true}]}}