{"id":50,"date":"2024-02-05T14:23:01","date_gmt":"2024-02-05T14:23:01","guid":{"rendered":"https:\/\/www.bhpet.com.br\/?post_type=product&#038;p=50"},"modified":"2026-03-09T18:39:56","modified_gmt":"2026-03-09T18:39:56","slug":"racao-allcanis-para-caes-adultos-de-racas-pequenas-de-frango-e-carne-15kg","status":"publish","type":"product","link":"https:\/\/www.bhpet.com.br\/?product=racao-allcanis-para-caes-adultos-de-racas-pequenas-de-frango-e-carne-15kg","title":{"rendered":"Ra\u00e7\u00e3o Allcanis para C\u00e3es Adultos de Ra\u00e7as Pequenas de frango e Carne 15KG"},"content":{"rendered":"<p>&#8211; Indicada para c\u00e3es adultos de pequeno porte;<br \/>\n&#8211; Alimento sem corante para uma nutri\u00e7\u00e3o saud\u00e1vel;<br \/>\n&#8211; Cont\u00e9m MOS para o equil\u00edbrio da flora intestinal;<br \/>\n&#8211; Feita com 24% de prote\u00edna altamente digest\u00edvel;<br \/>\n&#8211; \u00d4mega 3 e 6 e biotina para beleza da pelagem;<br \/>\n&#8211; Enriquecida com vitaminas e minerais,<\/p>\n","protected":false},"excerpt":{"rendered":"<p>&#8211; Indicada para c\u00e3es adultos de pequeno porte; &#8211; Alimento sem corante para uma nutri\u00e7\u00e3o saud\u00e1vel; &#8211; Cont\u00e9m MOS para&hellip;<\/p>\n","protected":false},"featured_media":51,"comment_status":"open","ping_status":"closed","template":"","meta":[],"product_cat":[24],"product_tag":[],"_links":{"self":[{"href":"https:\/\/www.bhpet.com.br\/index.php?rest_route=\/wp\/v2\/product\/50"}],"collection":[{"href":"https:\/\/www.bhpet.com.br\/index.php?rest_route=\/wp\/v2\/product"}],"about":[{"href":"https:\/\/www.bhpet.com.br\/index.php?rest_route=\/wp\/v2\/types\/product"}],"replies":[{"embeddable":true,"href":"https:\/\/www.bhpet.com.br\/index.php?rest_route=%2Fwp%2Fv2%2Fcomments&post=50"}],"wp:featuredmedia":[{"embeddable":true,"href":"https:\/\/www.bhpet.com.br\/index.php?rest_route=\/wp\/v2\/media\/51"}],"wp:attachment":[{"href":"https:\/\/www.bhpet.com.br\/index.php?rest_route=%2Fwp%2Fv2%2Fmedia&parent=50"}],"wp:term":[{"taxonomy":"product_cat","embeddable":true,"href":"https:\/\/www.bhpet.com.br\/index.php?rest_route=%2Fwp%2Fv2%2Fproduct_cat&post=50"},{"taxonomy":"product_tag","embeddable":true,"href":"https:\/\/www.bhpet.com.br\/index.php?rest_route=%2Fwp%2Fv2%2Fproduct_tag&post=50"}],"curies":[{"name":"wp","href":"https:\/\/api.w.org\/{rel}","templated":true}]}}