{"id":49,"date":"2024-02-05T14:19:33","date_gmt":"2024-02-05T14:19:33","guid":{"rendered":"https:\/\/www.bhpet.com.br\/?post_type=product&#038;p=49"},"modified":"2026-03-09T18:39:43","modified_gmt":"2026-03-09T18:39:43","slug":"racao-allcanis-para-caes-adultos-de-frango-e-carne-25kg","status":"publish","type":"product","link":"https:\/\/www.bhpet.com.br\/?product=racao-allcanis-para-caes-adultos-de-frango-e-carne-25kg","title":{"rendered":"Ra\u00e7\u00e3o Allcanis para C\u00e3es Adultos de Frango e Carne 25KG"},"content":{"rendered":"<p>&#8211; Indicada para c\u00e3es;<br \/>\n&#8211; Proporciona alimenta\u00e7\u00e3o completa e balanceada;<br \/>\n&#8211; Cont\u00e9m extrato de Yucca, que auxilia na redu\u00e7\u00e3o do odor das fezes;<br \/>\n&#8211; Tem 21% de prote\u00edna altamente digest\u00edvel;<br \/>\n&#8211; Conta com \u00f4mega 3 e 6 e biotina na f\u00f3rmula;<br \/>\n&#8211; Enriquecida com vitaminas e minerais,<\/p>\n","protected":false},"excerpt":{"rendered":"<p>&#8211; Indicada para c\u00e3es; &#8211; Proporciona alimenta\u00e7\u00e3o completa e balanceada; &#8211; Cont\u00e9m extrato de Yucca, que auxilia na redu\u00e7\u00e3o do&hellip;<\/p>\n","protected":false},"featured_media":48,"comment_status":"open","ping_status":"closed","template":"","meta":[],"product_cat":[24],"product_tag":[],"_links":{"self":[{"href":"https:\/\/www.bhpet.com.br\/index.php?rest_route=\/wp\/v2\/product\/49"}],"collection":[{"href":"https:\/\/www.bhpet.com.br\/index.php?rest_route=\/wp\/v2\/product"}],"about":[{"href":"https:\/\/www.bhpet.com.br\/index.php?rest_route=\/wp\/v2\/types\/product"}],"replies":[{"embeddable":true,"href":"https:\/\/www.bhpet.com.br\/index.php?rest_route=%2Fwp%2Fv2%2Fcomments&post=49"}],"wp:featuredmedia":[{"embeddable":true,"href":"https:\/\/www.bhpet.com.br\/index.php?rest_route=\/wp\/v2\/media\/48"}],"wp:attachment":[{"href":"https:\/\/www.bhpet.com.br\/index.php?rest_route=%2Fwp%2Fv2%2Fmedia&parent=49"}],"wp:term":[{"taxonomy":"product_cat","embeddable":true,"href":"https:\/\/www.bhpet.com.br\/index.php?rest_route=%2Fwp%2Fv2%2Fproduct_cat&post=49"},{"taxonomy":"product_tag","embeddable":true,"href":"https:\/\/www.bhpet.com.br\/index.php?rest_route=%2Fwp%2Fv2%2Fproduct_tag&post=49"}],"curies":[{"name":"wp","href":"https:\/\/api.w.org\/{rel}","templated":true}]}}