{"id":312,"date":"2025-03-21T18:03:09","date_gmt":"2025-03-21T18:03:09","guid":{"rendered":"https:\/\/www.bhpet.com.br\/?post_type=product&#038;p=312"},"modified":"2025-04-22T18:37:52","modified_gmt":"2025-04-22T18:37:52","slug":"aditivo-antiodor-kelco-pipicat-floral-500g","status":"publish","type":"product","link":"https:\/\/www.bhpet.com.br\/?product=aditivo-antiodor-kelco-pipicat-floral-500g","title":{"rendered":"Aditivo Antiodor Kelco Pipicat Floral 500G"},"content":{"rendered":"<p>&#8211; A\u00e7\u00e3o neutralizadora de maus odores;<br \/>\n&#8211; Mant\u00e9m a bandeja sempre seca e perfumada;<br \/>\n&#8211; Aditivo concentrado com suave fragr\u00e2ncia floral;<br \/>\n&#8211; Uso para todos os tipos de granulados sanit\u00e1rios.<\/p>\n","protected":false},"excerpt":{"rendered":"<p>&#8211; A\u00e7\u00e3o neutralizadora de maus odores; &#8211; Mant\u00e9m a bandeja sempre seca e perfumada; &#8211; Aditivo concentrado com suave fragr\u00e2ncia&hellip;<\/p>\n","protected":false},"featured_media":313,"comment_status":"open","ping_status":"closed","template":"","meta":[],"product_cat":[15],"product_tag":[],"_links":{"self":[{"href":"https:\/\/www.bhpet.com.br\/index.php?rest_route=\/wp\/v2\/product\/312"}],"collection":[{"href":"https:\/\/www.bhpet.com.br\/index.php?rest_route=\/wp\/v2\/product"}],"about":[{"href":"https:\/\/www.bhpet.com.br\/index.php?rest_route=\/wp\/v2\/types\/product"}],"replies":[{"embeddable":true,"href":"https:\/\/www.bhpet.com.br\/index.php?rest_route=%2Fwp%2Fv2%2Fcomments&post=312"}],"wp:featuredmedia":[{"embeddable":true,"href":"https:\/\/www.bhpet.com.br\/index.php?rest_route=\/wp\/v2\/media\/313"}],"wp:attachment":[{"href":"https:\/\/www.bhpet.com.br\/index.php?rest_route=%2Fwp%2Fv2%2Fmedia&parent=312"}],"wp:term":[{"taxonomy":"product_cat","embeddable":true,"href":"https:\/\/www.bhpet.com.br\/index.php?rest_route=%2Fwp%2Fv2%2Fproduct_cat&post=312"},{"taxonomy":"product_tag","embeddable":true,"href":"https:\/\/www.bhpet.com.br\/index.php?rest_route=%2Fwp%2Fv2%2Fproduct_tag&post=312"}],"curies":[{"name":"wp","href":"https:\/\/api.w.org\/{rel}","templated":true}]}}