{"id":306,"date":"2025-03-21T17:57:24","date_gmt":"2025-03-21T17:57:24","guid":{"rendered":"https:\/\/www.bhpet.com.br\/?post_type=product&#038;p=306"},"modified":"2025-04-22T18:38:09","modified_gmt":"2025-04-22T18:38:09","slug":"areia-sanitaria-kelco-pipicat-ultra-dry-4kg","status":"publish","type":"product","link":"https:\/\/www.bhpet.com.br\/?product=areia-sanitaria-kelco-pipicat-ultra-dry-4kg","title":{"rendered":"Areia Sanit\u00e1ria Kelco Pipicat Ultra Dry 4KG"},"content":{"rendered":"<p>&#8211; Sem fragr\u00e2ncia;<br \/>\n&#8211; Ultra reten\u00e7\u00e3o de odores;<br \/>\n&#8211; Gr\u00e3os extrafinos, facilita a limpeza;<br \/>\n&#8211; Torr\u00f5es super resistentes e alto poder de absor\u00e7\u00e3o.<\/p>\n","protected":false},"excerpt":{"rendered":"<p>&#8211; Sem fragr\u00e2ncia; &#8211; Ultra reten\u00e7\u00e3o de odores; &#8211; Gr\u00e3os extrafinos, facilita a limpeza; &#8211; Torr\u00f5es super resistentes e alto&hellip;<\/p>\n","protected":false},"featured_media":307,"comment_status":"open","ping_status":"closed","template":"","meta":[],"product_cat":[15],"product_tag":[],"_links":{"self":[{"href":"https:\/\/www.bhpet.com.br\/index.php?rest_route=\/wp\/v2\/product\/306"}],"collection":[{"href":"https:\/\/www.bhpet.com.br\/index.php?rest_route=\/wp\/v2\/product"}],"about":[{"href":"https:\/\/www.bhpet.com.br\/index.php?rest_route=\/wp\/v2\/types\/product"}],"replies":[{"embeddable":true,"href":"https:\/\/www.bhpet.com.br\/index.php?rest_route=%2Fwp%2Fv2%2Fcomments&post=306"}],"wp:featuredmedia":[{"embeddable":true,"href":"https:\/\/www.bhpet.com.br\/index.php?rest_route=\/wp\/v2\/media\/307"}],"wp:attachment":[{"href":"https:\/\/www.bhpet.com.br\/index.php?rest_route=%2Fwp%2Fv2%2Fmedia&parent=306"}],"wp:term":[{"taxonomy":"product_cat","embeddable":true,"href":"https:\/\/www.bhpet.com.br\/index.php?rest_route=%2Fwp%2Fv2%2Fproduct_cat&post=306"},{"taxonomy":"product_tag","embeddable":true,"href":"https:\/\/www.bhpet.com.br\/index.php?rest_route=%2Fwp%2Fv2%2Fproduct_tag&post=306"}],"curies":[{"name":"wp","href":"https:\/\/api.w.org\/{rel}","templated":true}]}}