{"id":302,"date":"2025-03-21T17:54:03","date_gmt":"2025-03-21T17:54:03","guid":{"rendered":"https:\/\/www.bhpet.com.br\/?post_type=product&#038;p=302"},"modified":"2025-04-22T18:38:20","modified_gmt":"2025-04-22T18:38:20","slug":"areia-sanitaria-kelco-pipicat-floral-4kg","status":"publish","type":"product","link":"https:\/\/www.bhpet.com.br\/?product=areia-sanitaria-kelco-pipicat-floral-4kg","title":{"rendered":"Areia Sanit\u00e1ria Kelco Pipicat Floral 4KG"},"content":{"rendered":"<p>&#8211; Gr\u00e3os extrafinos;<br \/>\n&#8211; Com fragr\u00e2ncia suave floral;<br \/>\n&#8211; Forma torr\u00f5es firmes e facilita a limpeza;<br \/>\n&#8211; Controle de odores superior com Pipicat Odor Block.<\/p>\n","protected":false},"excerpt":{"rendered":"<p>&#8211; Gr\u00e3os extrafinos; &#8211; Com fragr\u00e2ncia suave floral; &#8211; Forma torr\u00f5es firmes e facilita a limpeza; &#8211; Controle de odores&hellip;<\/p>\n","protected":false},"featured_media":303,"comment_status":"open","ping_status":"closed","template":"","meta":[],"product_cat":[15],"product_tag":[],"_links":{"self":[{"href":"https:\/\/www.bhpet.com.br\/index.php?rest_route=\/wp\/v2\/product\/302"}],"collection":[{"href":"https:\/\/www.bhpet.com.br\/index.php?rest_route=\/wp\/v2\/product"}],"about":[{"href":"https:\/\/www.bhpet.com.br\/index.php?rest_route=\/wp\/v2\/types\/product"}],"replies":[{"embeddable":true,"href":"https:\/\/www.bhpet.com.br\/index.php?rest_route=%2Fwp%2Fv2%2Fcomments&post=302"}],"wp:featuredmedia":[{"embeddable":true,"href":"https:\/\/www.bhpet.com.br\/index.php?rest_route=\/wp\/v2\/media\/303"}],"wp:attachment":[{"href":"https:\/\/www.bhpet.com.br\/index.php?rest_route=%2Fwp%2Fv2%2Fmedia&parent=302"}],"wp:term":[{"taxonomy":"product_cat","embeddable":true,"href":"https:\/\/www.bhpet.com.br\/index.php?rest_route=%2Fwp%2Fv2%2Fproduct_cat&post=302"},{"taxonomy":"product_tag","embeddable":true,"href":"https:\/\/www.bhpet.com.br\/index.php?rest_route=%2Fwp%2Fv2%2Fproduct_tag&post=302"}],"curies":[{"name":"wp","href":"https:\/\/api.w.org\/{rel}","templated":true}]}}