{"id":300,"date":"2025-03-21T17:51:23","date_gmt":"2025-03-21T17:51:23","guid":{"rendered":"https:\/\/www.bhpet.com.br\/?post_type=product&#038;p=300"},"modified":"2026-03-09T18:53:34","modified_gmt":"2026-03-09T18:53:34","slug":"areia-sanitaria-kelco-pipicat-multicat-12-kg","status":"publish","type":"product","link":"https:\/\/www.bhpet.com.br\/?product=areia-sanitaria-kelco-pipicat-multicat-12-kg","title":{"rendered":"Areia Sanit\u00e1ria Kelco Pipicat Multicat &#8211; 12 Kg"},"content":{"rendered":"<p>&#8211; Gr\u00e3os finos;<br \/>\n&#8211; Apar\u00eancia natural de terra;<br \/>\n&#8211; Forma torr\u00f5es resistentes de f\u00e1cil remo\u00e7\u00e3o.<\/p>\n","protected":false},"excerpt":{"rendered":"<p>&#8211; Gr\u00e3os finos; &#8211; Apar\u00eancia natural de terra; &#8211; Forma torr\u00f5es resistentes de f\u00e1cil remo\u00e7\u00e3o.<\/p>\n","protected":false},"featured_media":301,"comment_status":"open","ping_status":"closed","template":"","meta":[],"product_cat":[15],"product_tag":[],"_links":{"self":[{"href":"https:\/\/www.bhpet.com.br\/index.php?rest_route=\/wp\/v2\/product\/300"}],"collection":[{"href":"https:\/\/www.bhpet.com.br\/index.php?rest_route=\/wp\/v2\/product"}],"about":[{"href":"https:\/\/www.bhpet.com.br\/index.php?rest_route=\/wp\/v2\/types\/product"}],"replies":[{"embeddable":true,"href":"https:\/\/www.bhpet.com.br\/index.php?rest_route=%2Fwp%2Fv2%2Fcomments&post=300"}],"wp:featuredmedia":[{"embeddable":true,"href":"https:\/\/www.bhpet.com.br\/index.php?rest_route=\/wp\/v2\/media\/301"}],"wp:attachment":[{"href":"https:\/\/www.bhpet.com.br\/index.php?rest_route=%2Fwp%2Fv2%2Fmedia&parent=300"}],"wp:term":[{"taxonomy":"product_cat","embeddable":true,"href":"https:\/\/www.bhpet.com.br\/index.php?rest_route=%2Fwp%2Fv2%2Fproduct_cat&post=300"},{"taxonomy":"product_tag","embeddable":true,"href":"https:\/\/www.bhpet.com.br\/index.php?rest_route=%2Fwp%2Fv2%2Fproduct_tag&post=300"}],"curies":[{"name":"wp","href":"https:\/\/api.w.org\/{rel}","templated":true}]}}