{"id":296,"date":"2025-03-21T17:47:23","date_gmt":"2025-03-21T17:47:23","guid":{"rendered":"https:\/\/www.bhpet.com.br\/?post_type=product&#038;p=296"},"modified":"2025-04-22T18:38:38","modified_gmt":"2025-04-22T18:38:38","slug":"areia-sanitaria-kelco-pipicat-classic-4kg","status":"publish","type":"product","link":"https:\/\/www.bhpet.com.br\/?product=areia-sanitaria-kelco-pipicat-classic-4kg","title":{"rendered":"Areia Sanit\u00e1ria Kelco Pipicat Classic 4KG"},"content":{"rendered":"<p>&#8211; Sem fragr\u00e2ncia;<br \/>\n&#8211; Gr\u00e3os m\u00e9dios;<br \/>\n&#8211; Forma torr\u00f5es que facilitam a limpeza;<br \/>\n&#8211; Controle de odores superior com Pipicat Odor Block.<\/p>\n","protected":false},"excerpt":{"rendered":"<p>&#8211; Sem fragr\u00e2ncia; &#8211; Gr\u00e3os m\u00e9dios; &#8211; Forma torr\u00f5es que facilitam a limpeza; &#8211; Controle de odores superior com Pipicat&hellip;<\/p>\n","protected":false},"featured_media":297,"comment_status":"open","ping_status":"closed","template":"","meta":[],"product_cat":[15],"product_tag":[],"_links":{"self":[{"href":"https:\/\/www.bhpet.com.br\/index.php?rest_route=\/wp\/v2\/product\/296"}],"collection":[{"href":"https:\/\/www.bhpet.com.br\/index.php?rest_route=\/wp\/v2\/product"}],"about":[{"href":"https:\/\/www.bhpet.com.br\/index.php?rest_route=\/wp\/v2\/types\/product"}],"replies":[{"embeddable":true,"href":"https:\/\/www.bhpet.com.br\/index.php?rest_route=%2Fwp%2Fv2%2Fcomments&post=296"}],"wp:featuredmedia":[{"embeddable":true,"href":"https:\/\/www.bhpet.com.br\/index.php?rest_route=\/wp\/v2\/media\/297"}],"wp:attachment":[{"href":"https:\/\/www.bhpet.com.br\/index.php?rest_route=%2Fwp%2Fv2%2Fmedia&parent=296"}],"wp:term":[{"taxonomy":"product_cat","embeddable":true,"href":"https:\/\/www.bhpet.com.br\/index.php?rest_route=%2Fwp%2Fv2%2Fproduct_cat&post=296"},{"taxonomy":"product_tag","embeddable":true,"href":"https:\/\/www.bhpet.com.br\/index.php?rest_route=%2Fwp%2Fv2%2Fproduct_tag&post=296"}],"curies":[{"name":"wp","href":"https:\/\/api.w.org\/{rel}","templated":true}]}}