{"id":291,"date":"2025-03-21T17:25:37","date_gmt":"2025-03-21T17:25:37","guid":{"rendered":"https:\/\/www.bhpet.com.br\/?post_type=product&#038;p=291"},"modified":"2026-03-09T18:53:51","modified_gmt":"2026-03-09T18:53:51","slug":"racao-seca-quatree-select-frango-arroz-gatos-castrados-101kg","status":"publish","type":"product","link":"https:\/\/www.bhpet.com.br\/?product=racao-seca-quatree-select-frango-arroz-gatos-castrados-101kg","title":{"rendered":"Ra\u00e7\u00e3o Seca Quatree Select Frango Arroz Gatos Castrados 10,1KG"},"content":{"rendered":"<p>&#8211; Altos n\u00edveis de \u00f4megas 3 e 6, mantendo a pele e pelos bonitos e saud\u00e1veis;<br \/>\n&#8211; F\u00f3rmula com batata doce, que garante energia e sacia a fome por mais tempo;<br \/>\n&#8211; Controle do pH e equil\u00edbrio dos minerais que auxiliam na sa\u00fade do trato urin\u00e1rio;<br \/>\n&#8211; Com L-carnitina, fibras especiais e n\u00edveis de calorias reduzidos para manter o peso ideal;<br \/>\n&#8211; Prote\u00ednas de origem animal, oferecendo desempenho e manuten\u00e7\u00e3o do organismo;<br \/>\n&#8211; Prebi\u00f3tico, ze\u00f3lita e yucca: componentes essenciais para a sa\u00fade intestinal e forma\u00e7\u00e3o de fezes firmes com volume reduzido.<\/p>\n","protected":false},"excerpt":{"rendered":"<p>&#8211; Altos n\u00edveis de \u00f4megas 3 e 6, mantendo a pele e pelos bonitos e saud\u00e1veis; &#8211; F\u00f3rmula com batata&hellip;<\/p>\n","protected":false},"featured_media":292,"comment_status":"open","ping_status":"closed","template":"","meta":[],"product_cat":[15],"product_tag":[],"_links":{"self":[{"href":"https:\/\/www.bhpet.com.br\/index.php?rest_route=\/wp\/v2\/product\/291"}],"collection":[{"href":"https:\/\/www.bhpet.com.br\/index.php?rest_route=\/wp\/v2\/product"}],"about":[{"href":"https:\/\/www.bhpet.com.br\/index.php?rest_route=\/wp\/v2\/types\/product"}],"replies":[{"embeddable":true,"href":"https:\/\/www.bhpet.com.br\/index.php?rest_route=%2Fwp%2Fv2%2Fcomments&post=291"}],"wp:featuredmedia":[{"embeddable":true,"href":"https:\/\/www.bhpet.com.br\/index.php?rest_route=\/wp\/v2\/media\/292"}],"wp:attachment":[{"href":"https:\/\/www.bhpet.com.br\/index.php?rest_route=%2Fwp%2Fv2%2Fmedia&parent=291"}],"wp:term":[{"taxonomy":"product_cat","embeddable":true,"href":"https:\/\/www.bhpet.com.br\/index.php?rest_route=%2Fwp%2Fv2%2Fproduct_cat&post=291"},{"taxonomy":"product_tag","embeddable":true,"href":"https:\/\/www.bhpet.com.br\/index.php?rest_route=%2Fwp%2Fv2%2Fproduct_tag&post=291"}],"curies":[{"name":"wp","href":"https:\/\/api.w.org\/{rel}","templated":true}]}}