{"id":29,"date":"2023-10-17T16:02:13","date_gmt":"2023-10-17T16:02:13","guid":{"rendered":"https:\/\/www.bhpet.com.br\/?post_type=product&#038;p=29"},"modified":"2024-09-17T12:41:49","modified_gmt":"2024-09-17T12:41:49","slug":"bebedouro-e-purificador-de-agua-fonte-petit-para-caes-e-gatos","status":"publish","type":"product","link":"https:\/\/www.bhpet.com.br\/?product=bebedouro-e-purificador-de-agua-fonte-petit-para-caes-e-gatos","title":{"rendered":"Bebedouro e Purificador de \u00c1gua Fonte Petit para C\u00e3es e Gatos"},"content":{"rendered":"<p>Bebedouro e purificador de \u00e1gua fonte para c\u00e3es e gatos, auxiliando na ingest\u00e3o de \u00e1gua.<\/p>\n","protected":false},"excerpt":{"rendered":"<p style=\"text-align: left;\">Bebedouro fonte para c\u00e3es e gatos.<\/p>\n","protected":false},"featured_media":31,"comment_status":"open","ping_status":"closed","template":"","meta":[],"product_cat":[22],"product_tag":[],"_links":{"self":[{"href":"https:\/\/www.bhpet.com.br\/index.php?rest_route=\/wp\/v2\/product\/29"}],"collection":[{"href":"https:\/\/www.bhpet.com.br\/index.php?rest_route=\/wp\/v2\/product"}],"about":[{"href":"https:\/\/www.bhpet.com.br\/index.php?rest_route=\/wp\/v2\/types\/product"}],"replies":[{"embeddable":true,"href":"https:\/\/www.bhpet.com.br\/index.php?rest_route=%2Fwp%2Fv2%2Fcomments&post=29"}],"wp:featuredmedia":[{"embeddable":true,"href":"https:\/\/www.bhpet.com.br\/index.php?rest_route=\/wp\/v2\/media\/31"}],"wp:attachment":[{"href":"https:\/\/www.bhpet.com.br\/index.php?rest_route=%2Fwp%2Fv2%2Fmedia&parent=29"}],"wp:term":[{"taxonomy":"product_cat","embeddable":true,"href":"https:\/\/www.bhpet.com.br\/index.php?rest_route=%2Fwp%2Fv2%2Fproduct_cat&post=29"},{"taxonomy":"product_tag","embeddable":true,"href":"https:\/\/www.bhpet.com.br\/index.php?rest_route=%2Fwp%2Fv2%2Fproduct_tag&post=29"}],"curies":[{"name":"wp","href":"https:\/\/api.w.org\/{rel}","templated":true}]}}