{"id":285,"date":"2025-03-21T16:57:28","date_gmt":"2025-03-21T16:57:28","guid":{"rendered":"https:\/\/www.bhpet.com.br\/?post_type=product&#038;p=285"},"modified":"2025-04-22T18:39:19","modified_gmt":"2025-04-22T18:39:19","slug":"racao-seca-premier-racas-especificas-golden-retriver-filhote-101kg","status":"publish","type":"product","link":"https:\/\/www.bhpet.com.br\/?product=racao-seca-premier-racas-especificas-golden-retriver-filhote-101kg","title":{"rendered":"Ra\u00e7\u00e3o Seca Premier Ra\u00e7as Especificas Golden Retriver Filhote 10,1KG"},"content":{"rendered":"<p>&#8211; Promove uma pelagem brilhante e pele saud\u00e1vel para os filhotes de Golden Retriever;<br \/>\n&#8211; Ajuda a prevenir problemas articulares que podem surgir durante a fase de crescimento;<br \/>\n&#8211; Suporte ao crescimento adequado, favorecendo a forma\u00e7\u00e3o saud\u00e1vel de ossos e m\u00fasculos;<br \/>\n&#8211; Promove uma \u00f3tima sa\u00fade intestinal, contribuindo para uma digest\u00e3o saud\u00e1vel e equilibrada.<\/p>\n","protected":false},"excerpt":{"rendered":"<p>&#8211; Promove uma pelagem brilhante e pele saud\u00e1vel para os filhotes de Golden Retriever; &#8211; Ajuda a prevenir problemas articulares&hellip;<\/p>\n","protected":false},"featured_media":286,"comment_status":"open","ping_status":"closed","template":"","meta":[],"product_cat":[15],"product_tag":[],"_links":{"self":[{"href":"https:\/\/www.bhpet.com.br\/index.php?rest_route=\/wp\/v2\/product\/285"}],"collection":[{"href":"https:\/\/www.bhpet.com.br\/index.php?rest_route=\/wp\/v2\/product"}],"about":[{"href":"https:\/\/www.bhpet.com.br\/index.php?rest_route=\/wp\/v2\/types\/product"}],"replies":[{"embeddable":true,"href":"https:\/\/www.bhpet.com.br\/index.php?rest_route=%2Fwp%2Fv2%2Fcomments&post=285"}],"wp:featuredmedia":[{"embeddable":true,"href":"https:\/\/www.bhpet.com.br\/index.php?rest_route=\/wp\/v2\/media\/286"}],"wp:attachment":[{"href":"https:\/\/www.bhpet.com.br\/index.php?rest_route=%2Fwp%2Fv2%2Fmedia&parent=285"}],"wp:term":[{"taxonomy":"product_cat","embeddable":true,"href":"https:\/\/www.bhpet.com.br\/index.php?rest_route=%2Fwp%2Fv2%2Fproduct_cat&post=285"},{"taxonomy":"product_tag","embeddable":true,"href":"https:\/\/www.bhpet.com.br\/index.php?rest_route=%2Fwp%2Fv2%2Fproduct_tag&post=285"}],"curies":[{"name":"wp","href":"https:\/\/api.w.org\/{rel}","templated":true}]}}