{"id":281,"date":"2025-03-21T16:53:48","date_gmt":"2025-03-21T16:53:48","guid":{"rendered":"https:\/\/www.bhpet.com.br\/?post_type=product&#038;p=281"},"modified":"2025-04-22T18:39:30","modified_gmt":"2025-04-22T18:39:30","slug":"racao-premier-pet-formula-frango-caes-adultos-racas-medias-15kg","status":"publish","type":"product","link":"https:\/\/www.bhpet.com.br\/?product=racao-premier-pet-formula-frango-caes-adultos-racas-medias-15kg","title":{"rendered":"Ra\u00e7\u00e3o Premier Pet Formula Frango C\u00e3es Adultos Ra\u00e7as M\u00e9dias 15KG"},"content":{"rendered":"<p>&#8211; Sa\u00fade intestinal: atrav\u00e9s da combina\u00e7\u00e3o de ingredientes de alta digestibilidade, fibras especiais e prebi\u00f3tico;<br \/>\n&#8211; Pelagem bonita e pele saud\u00e1vel \u2013 Rico em prote\u00ednas de alta qualidade, equil\u00edbrio ideal de \u00e1cidos graxos essenciais &#8211; \u00f4megas 3 e 6;<br \/>\n&#8211; Sa\u00fade e vitalidade com sabor excepcional: ingredientes ricos em vitaminas e minerais que promovem a sa\u00fade associada a um sabor irresist\u00edvel.<\/p>\n","protected":false},"excerpt":{"rendered":"<p>&#8211; Sa\u00fade intestinal: atrav\u00e9s da combina\u00e7\u00e3o de ingredientes de alta digestibilidade, fibras especiais e prebi\u00f3tico; &#8211; Pelagem bonita e pele&hellip;<\/p>\n","protected":false},"featured_media":282,"comment_status":"open","ping_status":"closed","template":"","meta":[],"product_cat":[15],"product_tag":[],"_links":{"self":[{"href":"https:\/\/www.bhpet.com.br\/index.php?rest_route=\/wp\/v2\/product\/281"}],"collection":[{"href":"https:\/\/www.bhpet.com.br\/index.php?rest_route=\/wp\/v2\/product"}],"about":[{"href":"https:\/\/www.bhpet.com.br\/index.php?rest_route=\/wp\/v2\/types\/product"}],"replies":[{"embeddable":true,"href":"https:\/\/www.bhpet.com.br\/index.php?rest_route=%2Fwp%2Fv2%2Fcomments&post=281"}],"wp:featuredmedia":[{"embeddable":true,"href":"https:\/\/www.bhpet.com.br\/index.php?rest_route=\/wp\/v2\/media\/282"}],"wp:attachment":[{"href":"https:\/\/www.bhpet.com.br\/index.php?rest_route=%2Fwp%2Fv2%2Fmedia&parent=281"}],"wp:term":[{"taxonomy":"product_cat","embeddable":true,"href":"https:\/\/www.bhpet.com.br\/index.php?rest_route=%2Fwp%2Fv2%2Fproduct_cat&post=281"},{"taxonomy":"product_tag","embeddable":true,"href":"https:\/\/www.bhpet.com.br\/index.php?rest_route=%2Fwp%2Fv2%2Fproduct_tag&post=281"}],"curies":[{"name":"wp","href":"https:\/\/api.w.org\/{rel}","templated":true}]}}