{"id":275,"date":"2025-03-21T16:49:01","date_gmt":"2025-03-21T16:49:01","guid":{"rendered":"https:\/\/www.bhpet.com.br\/?post_type=product&#038;p=275"},"modified":"2026-03-09T18:49:02","modified_gmt":"2026-03-09T18:49:02","slug":"racao-seca-premier-pet-golden-salmao-para-gatos-adultos-castrados-101kg","status":"publish","type":"product","link":"https:\/\/www.bhpet.com.br\/?product=racao-seca-premier-pet-golden-salmao-para-gatos-adultos-castrados-101kg","title":{"rendered":"Ra\u00e7\u00e3o Seca PremieR Pet Golden Salm\u00e3o para Gatos Adultos Castrados 10,1KG"},"content":{"rendered":"<p>&#8211; Sabor inigual\u00e1vel: promove m\u00e1xima satisfa\u00e7\u00e3o para paladares exigentes;<br \/>\n&#8211; Trato urin\u00e1rio saud\u00e1vel: minerais balanceados e controle do pH urin\u00e1rio;<br \/>\n&#8211; Intestino saud\u00e1vel: combina\u00e7\u00e3o de ingredientes de alta digestibilidade e prebi\u00f3ticos;<br \/>\n&#8211; Redu\u00e7\u00e3o do odor das fezes: sele\u00e7\u00e3o de ingredientes especiais que auxiliam na redu\u00e7\u00e3o do odor das fezes.<\/p>\n","protected":false},"excerpt":{"rendered":"<p>&#8211; Sabor inigual\u00e1vel: promove m\u00e1xima satisfa\u00e7\u00e3o para paladares exigentes; &#8211; Trato urin\u00e1rio saud\u00e1vel: minerais balanceados e controle do pH urin\u00e1rio;&hellip;<\/p>\n","protected":false},"featured_media":276,"comment_status":"open","ping_status":"closed","template":"","meta":[],"product_cat":[15],"product_tag":[],"_links":{"self":[{"href":"https:\/\/www.bhpet.com.br\/index.php?rest_route=\/wp\/v2\/product\/275"}],"collection":[{"href":"https:\/\/www.bhpet.com.br\/index.php?rest_route=\/wp\/v2\/product"}],"about":[{"href":"https:\/\/www.bhpet.com.br\/index.php?rest_route=\/wp\/v2\/types\/product"}],"replies":[{"embeddable":true,"href":"https:\/\/www.bhpet.com.br\/index.php?rest_route=%2Fwp%2Fv2%2Fcomments&post=275"}],"wp:featuredmedia":[{"embeddable":true,"href":"https:\/\/www.bhpet.com.br\/index.php?rest_route=\/wp\/v2\/media\/276"}],"wp:attachment":[{"href":"https:\/\/www.bhpet.com.br\/index.php?rest_route=%2Fwp%2Fv2%2Fmedia&parent=275"}],"wp:term":[{"taxonomy":"product_cat","embeddable":true,"href":"https:\/\/www.bhpet.com.br\/index.php?rest_route=%2Fwp%2Fv2%2Fproduct_cat&post=275"},{"taxonomy":"product_tag","embeddable":true,"href":"https:\/\/www.bhpet.com.br\/index.php?rest_route=%2Fwp%2Fv2%2Fproduct_tag&post=275"}],"curies":[{"name":"wp","href":"https:\/\/api.w.org\/{rel}","templated":true}]}}