{"id":268,"date":"2025-03-21T16:42:03","date_gmt":"2025-03-21T16:42:03","guid":{"rendered":"https:\/\/www.bhpet.com.br\/?post_type=product&#038;p=268"},"modified":"2026-03-09T18:50:40","modified_gmt":"2026-03-09T18:50:40","slug":"racao-seca-quatree-supreme-salmao-e-arroz-gatos-filhotes-101kg","status":"publish","type":"product","link":"https:\/\/www.bhpet.com.br\/?product=racao-seca-quatree-supreme-salmao-e-arroz-gatos-filhotes-101kg","title":{"rendered":"Ra\u00e7\u00e3o Seca Quatree Supreme Salm\u00e3o e Arroz Gatos Filhotes 10,1KG"},"content":{"rendered":"<p>&#8211; Rica em taurina: amino\u00e1cido essencial para a sa\u00fade dos olhos e do cora\u00e7\u00e3o;<br \/>\n&#8211; Biotina, zinco e \u00f4megas 3 e 6: pele e pelagem saud\u00e1veis com fios mais sedosos;<br \/>\n&#8211; Controle do pH urin\u00e1rio e minerais balanceados, auxilia na preven\u00e7\u00e3o dos c\u00e1lculos;<br \/>\n&#8211; Indicada para f\u00eameas ap\u00f3s a sexta semana de gesta\u00e7\u00e3o at\u00e9 o desmame dos filhotes;<br \/>\n&#8211; Rica em antioxidantes como vitaminas C e E, polifen\u00f3is de ma\u00e7\u00e3, ch\u00e1 verde e sel\u00eanio;<br \/>\n&#8211; Auxilia o funcionamento do intestino: fibras funcionais naturais, prebi\u00f3ticos (MOS e FOS), polpa de beterraba e extrato de yucca que auxiliam na redu\u00e7\u00e3o de volume e odor das fezes.<\/p>\n","protected":false},"excerpt":{"rendered":"<p>&#8211; Rica em taurina: amino\u00e1cido essencial para a sa\u00fade dos olhos e do cora\u00e7\u00e3o; &#8211; Biotina, zinco e \u00f4megas 3&hellip;<\/p>\n","protected":false},"featured_media":269,"comment_status":"open","ping_status":"closed","template":"","meta":[],"product_cat":[15],"product_tag":[],"_links":{"self":[{"href":"https:\/\/www.bhpet.com.br\/index.php?rest_route=\/wp\/v2\/product\/268"}],"collection":[{"href":"https:\/\/www.bhpet.com.br\/index.php?rest_route=\/wp\/v2\/product"}],"about":[{"href":"https:\/\/www.bhpet.com.br\/index.php?rest_route=\/wp\/v2\/types\/product"}],"replies":[{"embeddable":true,"href":"https:\/\/www.bhpet.com.br\/index.php?rest_route=%2Fwp%2Fv2%2Fcomments&post=268"}],"wp:featuredmedia":[{"embeddable":true,"href":"https:\/\/www.bhpet.com.br\/index.php?rest_route=\/wp\/v2\/media\/269"}],"wp:attachment":[{"href":"https:\/\/www.bhpet.com.br\/index.php?rest_route=%2Fwp%2Fv2%2Fmedia&parent=268"}],"wp:term":[{"taxonomy":"product_cat","embeddable":true,"href":"https:\/\/www.bhpet.com.br\/index.php?rest_route=%2Fwp%2Fv2%2Fproduct_cat&post=268"},{"taxonomy":"product_tag","embeddable":true,"href":"https:\/\/www.bhpet.com.br\/index.php?rest_route=%2Fwp%2Fv2%2Fproduct_tag&post=268"}],"curies":[{"name":"wp","href":"https:\/\/api.w.org\/{rel}","templated":true}]}}