{"id":261,"date":"2025-03-21T16:34:34","date_gmt":"2025-03-21T16:34:34","guid":{"rendered":"https:\/\/www.bhpet.com.br\/?post_type=product&#038;p=261"},"modified":"2026-03-09T18:51:07","modified_gmt":"2026-03-09T18:51:07","slug":"quatree-supreme-gato-castrado-salmao-101kg","status":"publish","type":"product","link":"https:\/\/www.bhpet.com.br\/?product=quatree-supreme-gato-castrado-salmao-101kg","title":{"rendered":"Quatree Supreme Gato Castrado Salm\u00e3o 10,1KG"},"content":{"rendered":"<p>A\u00a0<strong>Ra\u00e7\u00e3o Seca Quatree Supreme Salm\u00e3o e Batata Doce para Gatos Castrados\u00a0<\/strong>\u00e9 um alimento Super Premium formulado especificamente para atender as exig\u00eancias de gatos castrados. Os ingredientes nobres em sua composi\u00e7\u00e3o oferecem uma nutri\u00e7\u00e3o completa e balanceada, e oferece o equil\u00edbrio de minerais, que contribui com a sa\u00fade do trato urin\u00e1rio. Al\u00e9m disso a ra\u00e7\u00e3o inclui DHA, que auxilia a manuten\u00e7\u00e3o da sa\u00fade cognitiva e vis\u00e3o. Cont\u00e9m antioxidantes naturais e prebi\u00f3ticos, ingredientes que proporcionam mais vitalidade e longevidade para o seu gato.<\/p>\n<div class=\"font-body font-bold\">Resumo<\/div>\n<div class=\"properties mt-3\" data-v-1f692b6e=\"\">\n<div class=\"properties__list\" data-v-1f692b6e=\"\">\n<div class=\"font-body-s properties__list__name\" data-v-1f692b6e=\"\">INDICA\u00c7\u00c3O<\/div>\n<div class=\"font-bold properties__list__value\" data-v-1f692b6e=\"\">Gatos<\/div>\n<\/div>\n<div class=\"properties__list\" data-v-1f692b6e=\"\">\n<div class=\"font-body-s properties__list__name\" data-v-1f692b6e=\"\">IDADE<\/div>\n<div class=\"font-bold properties__list__value\" data-v-1f692b6e=\"\">Adultos<\/div>\n<\/div>\n<div class=\"properties__list\" data-v-1f692b6e=\"\">\n<div class=\"font-body-s properties__list__name\" data-v-1f692b6e=\"\">TAMANHO DA RA\u00c7A<\/div>\n<div class=\"font-bold properties__list__value\" data-v-1f692b6e=\"\">Grande, M\u00e9dia, Pequena<\/div>\n<\/div>\n<div class=\"properties__list\" data-v-1f692b6e=\"\">\n<div class=\"font-body-s properties__list__name\" data-v-1f692b6e=\"\">TIPO DE RA\u00c7\u00c3O<\/div>\n<div class=\"font-bold properties__list__value\" data-v-1f692b6e=\"\">Natural<\/div>\n<\/div>\n<div class=\"properties__list\" data-v-1f692b6e=\"\">\n<div class=\"font-body-s properties__list__name\" data-v-1f692b6e=\"\">SABOR<\/div>\n<div class=\"font-bold properties__list__value\" data-v-1f692b6e=\"\">Peixe e Vegetais<\/p>\n<div class=\"font-body-s properties__list__name\" data-v-1f692b6e=\"\">PESO DO PRODUTO<\/div>\n<div class=\"font-bold properties__list__value\" data-v-1f692b6e=\"\">10,1 Kg<\/p>\n<div class=\"properties mt-3\" data-v-1f692b6e=\"\">\n<div class=\"properties__list\" data-v-1f692b6e=\"\">\n<div class=\"font-body-s properties__list__name\" data-v-1f692b6e=\"\">TAMANHO DO GR\u00c3O<\/div>\n<div class=\"font-bold properties__list__value\" data-v-1f692b6e=\"\">Pequeno<\/div>\n<\/div>\n<div class=\"properties__list\" data-v-1f692b6e=\"\">\n<div class=\"font-body-s properties__list__name\" data-v-1f692b6e=\"\">INDICA\u00c7\u00c3O VETERIN\u00c1RIA<\/div>\n<div class=\"font-bold properties__list__value\" data-v-1f692b6e=\"\">Castrado<\/div>\n<\/div>\n<div class=\"properties__list\" data-v-1f692b6e=\"\">\n<div class=\"font-body-s properties__list__name\" data-v-1f692b6e=\"\">COMPRA CONSCIENTE<\/div>\n<div class=\"font-bold properties__list__value\" data-v-1f692b6e=\"\">Livre de Transg\u00eanico<\/div>\n<\/div>\n<div class=\"properties__list\" data-v-1f692b6e=\"\">\n<div class=\"font-body-s properties__list__name\" data-v-1f692b6e=\"\">COMPOSICAO<\/div>\n<div class=\"font-bold properties__list__value\" data-v-1f692b6e=\"\">Farinha de v\u00edsceras de frango, prote\u00edna isolada de su\u00edno, farinha de salm\u00e3o, ovo integral desidratado, gordura su\u00edna, gordura de frango, arroz quebrado, sorgo integral mo\u00eddo, farinha de batata doce, gl\u00faten de trigo, semente de linha\u00e7a, polpa de beterraba (m\u00edn. 1,0%), levedura de cerveja, celulose, lignocelulose, inulina (FOS) (m\u00edn. 0,15%), mananoligossacar\u00eddeo (MOS) (m\u00edn. 0,1%), cloreto de s\u00f3dio, cloreto de pot\u00e1ssio, hidrolisado de f\u00edgado de frango e su\u00edno, hexametafosfato de s\u00f3dio (m\u00edn. 0,1%), \u00e1cido fosf\u00f3rico, glucanos, ze\u00f3lita, extrato de yucca, taurina, metionina, lisina, L-carnitina (m\u00edn. 0,03%), tocoferol, extrato de alecrim, extrato de ma\u00e7\u00e3, extrato de ch\u00e1 verde, vitaminas (A, D3, E, B1, B2, B6, B12, K3, C, \u00e1cido pantot\u00eanico, \u00e1cido f\u00f3lico, niacina, biotina, cloreto de colina), minerais (sulfato de zinco, sulfato de cobre, sulfato ferroso, sulfato de mangan\u00eas, iodato de c\u00e1lcio, selenito de s\u00f3dio) e minerais quelatados (mangan\u00eas, sel\u00eanio e zinco).<\/div>\n<\/div>\n<div class=\"properties__list\" data-v-1f692b6e=\"\">\n<div class=\"font-body-s properties__list__name\" data-v-1f692b6e=\"\">CALORIAS POR KG<\/div>\n<div class=\"font-bold properties__list__value\" data-v-1f692b6e=\"\">3.820 kcal\/kg<\/div>\n<\/div>\n<div class=\"properties__list\" data-v-1f692b6e=\"\">\n<div class=\"font-body-s properties__list__name\" data-v-1f692b6e=\"\">MARCA<\/div>\n<div class=\"font-bold properties__list__value\" data-v-1f692b6e=\"\">Quatree<\/div>\n<\/div>\n<\/div>\n<div class=\"my-6\">\n<div class=\"font-body font-bold\">N\u00edveis de garantia<\/div>\n<div class=\"mt-3 long-specification\">\n<table>\n<tbody>\n<tr>\n<td>Prote\u00edna Bruta (m\u00edn.)<\/td>\n<td>\u00a0 400g\/kg<\/td>\n<td>40,00%<\/td>\n<\/tr>\n<tr>\n<td>Extrato Et\u00e9reo (m\u00edn.)<\/td>\n<td>\u00a0 120g\/kg<\/td>\n<td>12,00%<\/td>\n<\/tr>\n<tr>\n<td>Mat\u00e9ria Fibrosa (m\u00e1x.)<\/td>\n<td>\u00a045g\/kg<\/td>\n<td>4,50%<\/td>\n<\/tr>\n<tr>\n<td>Mat\u00e9ria Mineral (m\u00e1x.)<\/td>\n<td>\u00a075g\/kg<\/td>\n<td>7,50%<\/td>\n<\/tr>\n<tr>\n<td>C\u00e1lcio (m\u00edn.)<\/td>\n<td>\u00a07.000mg\/kg<\/td>\n<td>0,70%<\/td>\n<\/tr>\n<tr>\n<td>C\u00e1lcio (m\u00e1x.)<\/td>\n<td>\u00a015g\/kg<\/td>\n<td>1,50%<\/td>\n<\/tr>\n<tr>\n<td>F\u00f3sforo (m\u00edn.)<\/td>\n<td>\u00a0 7.000mg\/kg<\/td>\n<td>0,70%<\/td>\n<\/tr>\n<tr>\n<td>S\u00f3dio (m\u00edn.)<\/td>\n<td>\u00a03.500mg\/kg<\/td>\n<td>0,35%<\/td>\n<\/tr>\n<tr>\n<td>Pot\u00e1ssio (m\u00edn.)<\/td>\n<td>\u00a05.000mg\/kg<\/td>\n<td>0,50%<\/td>\n<\/tr>\n<tr>\n<td>Taurina (m\u00edn.)<\/td>\n<td>\u00a01.500mg\/kg<\/td>\n<td>0,15%<\/td>\n<\/tr>\n<tr>\n<td>L-carnitina (m\u00edn.)<\/td>\n<td>\u00a0300mg\/kg<\/td>\n<td>0,03%<\/td>\n<\/tr>\n<tr>\n<td>Metionina (m\u00edn.)<\/td>\n<td>\u00a08.500mg\/kg<\/td>\n<td>0,85%<\/td>\n<\/tr>\n<tr>\n<td>Lisina (m\u00edn.)<\/td>\n<td>\u00a013g\/kg<\/td>\n<td>1,30%<\/td>\n<\/tr>\n<tr>\n<td>Magn\u00e9sio (m\u00e1x.)<\/td>\n<td>\u00a0 1.000mg\/kg<\/td>\n<td>0,10%<\/td>\n<\/tr>\n<tr>\n<td>\u00c1cido Linoleico \/ \u00d4mega 6 (m\u00edn.)<\/td>\n<td>\u00a018g\/kg<\/td>\n<td>1,80%<\/td>\n<\/tr>\n<tr>\n<td>\u00c1cido Linol\u00eanico \/ \u00d4mega 3 (m\u00edn.)<\/td>\n<td>\u00a03.000mg\/kg<\/td>\n<td>0,30%<\/td>\n<\/tr>\n<tr>\n<td>Mananoligossacar\u00eddeo (m\u00edn.)<\/td>\n<td>\u00a01.000mg\/kg<\/td>\n<td>0,10%<\/td>\n<\/tr>\n<tr>\n<td>Inulina (m\u00edn.)<\/td>\n<td>\u00a01.500mg\/kg<\/td>\n<td>0,15%<\/td>\n<\/tr>\n<tr>\n<td>Extrato de Alecrim (m\u00edn.)<\/td>\n<td>\u00a010mg\/kg<\/td>\n<td>0,00%<\/td>\n<\/tr>\n<tr>\n<td>Tocoferol (m\u00edn.)<\/td>\n<td>\u00a0900mg\/kg<\/td>\n<td>0,09%<\/td>\n<\/tr>\n<tr>\n<td>Umidade (m\u00e1x.)<\/td>\n<td>\u00a090g\/kg<\/td>\n<td>9,00%<\/td>\n<\/tr>\n<tr>\n<td>pH urin\u00e1rio<\/td>\n<td>6,2-6,8<\/td>\n<td><\/td>\n<\/tr>\n<\/tbody>\n<\/table>\n<\/div>\n<\/div>\n<div class=\"my-6\">\n<div class=\"font-body font-bold\">Enriquecimento por Kg<\/div>\n<div class=\"mt-3 long-specification\">\n<table>\n<tbody>\n<tr>\n<td>Vitamina A<\/td>\n<td>20.000 UI<\/td>\n<\/tr>\n<tr>\n<td>Vitamina D3<\/td>\n<td>1.600 UI<\/td>\n<\/tr>\n<tr>\n<td>Vitamina E<\/td>\n<td>500 UI<\/td>\n<\/tr>\n<tr>\n<td>Vitamina B1<\/td>\n<td>10 mg<\/td>\n<\/tr>\n<tr>\n<td>Vitamina B2<\/td>\n<td>7 mg<\/td>\n<\/tr>\n<tr>\n<td>Vitamina B6<\/td>\n<td>6 mg<\/td>\n<\/tr>\n<tr>\n<td>Vitamina B12<\/td>\n<td>30 mcg<\/td>\n<\/tr>\n<tr>\n<td>Vitamina K3<\/td>\n<td>1 mg<\/td>\n<\/tr>\n<tr>\n<td>Vitamina C<\/td>\n<td>200 mg<\/td>\n<\/tr>\n<tr>\n<td>\u00c1cido pantot\u00e9nico<\/td>\n<td><\/td>\n<\/tr>\n<\/tbody>\n<\/table>\n<\/div>\n<\/div>\n<div class=\"my-6\">\n<div class=\"font-body font-bold\">Quantidade Recomendada<\/div>\n<div class=\"mt-3 long-specification\">\n<table border=\"0\" cellpadding=\"0\">\n<tbody>\n<tr>\n<td><strong>Peso do Gato\u00a0<\/strong><\/td>\n<td>3 Kg<\/td>\n<td>4 Kg<\/td>\n<td>5 Kg<\/td>\n<td>6 Kg<\/td>\n<\/tr>\n<tr>\n<td><strong>Ideal<\/strong><\/td>\n<td>47 g<\/td>\n<td>57 g<\/td>\n<td>67 g<\/td>\n<td>76 g<\/td>\n<\/tr>\n<tr>\n<td><strong>Sobrepeso\u00a0<\/strong><\/td>\n<td>37 g<\/td>\n<td>46 g<\/td>\n<td>54 g<\/td>\n<td>61 g<\/td>\n<\/tr>\n<\/tbody>\n<\/table>\n<\/div>\n<\/div>\n<\/div>\n<\/div>\n<\/div>\n<\/div>\n","protected":false},"excerpt":{"rendered":"<p>A\u00a0Ra\u00e7\u00e3o Seca Quatree Supreme Salm\u00e3o e Batata Doce para Gatos Castrados\u00a0\u00e9 um alimento Super Premium formulado especificamente para atender as&hellip;<\/p>\n","protected":false},"featured_media":262,"comment_status":"open","ping_status":"closed","template":"","meta":[],"product_cat":[15],"product_tag":[],"_links":{"self":[{"href":"https:\/\/www.bhpet.com.br\/index.php?rest_route=\/wp\/v2\/product\/261"}],"collection":[{"href":"https:\/\/www.bhpet.com.br\/index.php?rest_route=\/wp\/v2\/product"}],"about":[{"href":"https:\/\/www.bhpet.com.br\/index.php?rest_route=\/wp\/v2\/types\/product"}],"replies":[{"embeddable":true,"href":"https:\/\/www.bhpet.com.br\/index.php?rest_route=%2Fwp%2Fv2%2Fcomments&post=261"}],"wp:featuredmedia":[{"embeddable":true,"href":"https:\/\/www.bhpet.com.br\/index.php?rest_route=\/wp\/v2\/media\/262"}],"wp:attachment":[{"href":"https:\/\/www.bhpet.com.br\/index.php?rest_route=%2Fwp%2Fv2%2Fmedia&parent=261"}],"wp:term":[{"taxonomy":"product_cat","embeddable":true,"href":"https:\/\/www.bhpet.com.br\/index.php?rest_route=%2Fwp%2Fv2%2Fproduct_cat&post=261"},{"taxonomy":"product_tag","embeddable":true,"href":"https:\/\/www.bhpet.com.br\/index.php?rest_route=%2Fwp%2Fv2%2Fproduct_tag&post=261"}],"curies":[{"name":"wp","href":"https:\/\/api.w.org\/{rel}","templated":true}]}}