{"id":26,"date":"2023-10-17T15:59:04","date_gmt":"2023-10-17T15:59:04","guid":{"rendered":"https:\/\/www.bhpet.com.br\/?post_type=product&#038;p=26"},"modified":"2026-03-09T18:39:14","modified_gmt":"2026-03-09T18:39:14","slug":"probvet-probiotico-e-prebiotico-suplemento-alimentar-para-caes-e-gatos-14g","status":"publish","type":"product","link":"https:\/\/www.bhpet.com.br\/?product=probvet-probiotico-e-prebiotico-suplemento-alimentar-para-caes-e-gatos-14g","title":{"rendered":"Probvet Probi\u00f3tico e Pr\u00e9biotico Suplemento Alimentar para C\u00e3es e Gatos 14g"},"content":{"rendered":"<p>Suplemento Alimentar para C\u00e3es e gatos<\/p>\n","protected":false},"excerpt":{"rendered":"<p>Suplemento Alimentar para C\u00e3es e gatos<\/p>\n","protected":false},"featured_media":28,"comment_status":"open","ping_status":"closed","template":"","meta":[],"product_cat":[20,21],"product_tag":[],"_links":{"self":[{"href":"https:\/\/www.bhpet.com.br\/index.php?rest_route=\/wp\/v2\/product\/26"}],"collection":[{"href":"https:\/\/www.bhpet.com.br\/index.php?rest_route=\/wp\/v2\/product"}],"about":[{"href":"https:\/\/www.bhpet.com.br\/index.php?rest_route=\/wp\/v2\/types\/product"}],"replies":[{"embeddable":true,"href":"https:\/\/www.bhpet.com.br\/index.php?rest_route=%2Fwp%2Fv2%2Fcomments&post=26"}],"wp:featuredmedia":[{"embeddable":true,"href":"https:\/\/www.bhpet.com.br\/index.php?rest_route=\/wp\/v2\/media\/28"}],"wp:attachment":[{"href":"https:\/\/www.bhpet.com.br\/index.php?rest_route=%2Fwp%2Fv2%2Fmedia&parent=26"}],"wp:term":[{"taxonomy":"product_cat","embeddable":true,"href":"https:\/\/www.bhpet.com.br\/index.php?rest_route=%2Fwp%2Fv2%2Fproduct_cat&post=26"},{"taxonomy":"product_tag","embeddable":true,"href":"https:\/\/www.bhpet.com.br\/index.php?rest_route=%2Fwp%2Fv2%2Fproduct_tag&post=26"}],"curies":[{"name":"wp","href":"https:\/\/api.w.org\/{rel}","templated":true}]}}