{"id":259,"date":"2025-03-21T16:30:10","date_gmt":"2025-03-21T16:30:10","guid":{"rendered":"https:\/\/www.bhpet.com.br\/?post_type=product&#038;p=259"},"modified":"2026-03-09T18:51:15","modified_gmt":"2026-03-09T18:51:15","slug":"racao-para-gatos-colosso-premium-adultos-castrados-sabor-frango-e-arroz-10kg","status":"publish","type":"product","link":"https:\/\/www.bhpet.com.br\/?product=racao-para-gatos-colosso-premium-adultos-castrados-sabor-frango-e-arroz-10kg","title":{"rendered":"Ra\u00e7\u00e3o para Gatos Colosso Premium Adultos Castrados Sabor Frango e Arroz 10KG"},"content":{"rendered":"<p>A\u00a0<strong>Ra\u00e7\u00e3o Colosso Premium<\/strong>, \u00e9 um alimento completo para gatas e gatos adultos castrados, composto de prote\u00ednas e carboidratos, de \u00f3tima qualidade, que garantem a nutri\u00e7\u00e3o dos Pets com excelente sabor. As Ra\u00e7\u00f5es Colosso s\u00e3o enriquecidas com extrato de\u00a0Yucca Schidigera, que contribui para a redu\u00e7\u00e3o do odor das fezes.<\/p>\n<p><strong>Diferenciais:<\/strong><\/p>\n<p>&nbsp;<\/p>\n<p>\u00b7\u00a0\u00a0\u00a0\u00a0\u00a0\u00a0\u00a0\u00a0Alta Digestibilidade;<\/p>\n<p>\u00b7\u00a0\u00a0\u00a0\u00a0\u00a0\u00a0\u00a0\u00a0Controle de Bola de Pelos;<\/p>\n<p>\u00b7\u00a0\u00a0\u00a0\u00a0\u00a0\u00a0\u00a0\u00a0Integridade da Vis\u00e3o e Cora\u00e7\u00e3o;<\/p>\n<p>\u00b7\u00a0\u00a0\u00a0\u00a0\u00a0\u00a0\u00a0\u00a0Trato Urin\u00e1rio Saud\u00e1vel.<\/p>\n<p>&nbsp;<\/p>\n<p><strong>Informa\u00e7\u00f5es:<\/strong><\/p>\n<p>Armazenar em ambiente seco e arejado, ao abrigo da luz solar, sobre estrados ou prateleiras, afastado das paredes e devidamente embalado. Ap\u00f3s iniciar o uso do produto \u00e9 fundamental manter a embalagem sempre fechada para melhor conservar o sabor e as qualidades nutricionais do alimento.<\/p>\n<p><strong>Uso Proibido na Alimenta\u00e7\u00e3o de Ruminantes.<\/strong><\/p>\n<p><strong>N\u00e3o Recomend\u00e1vel para Consumo Humano.<\/strong><\/p>\n","protected":false},"excerpt":{"rendered":"<p>A\u00a0Ra\u00e7\u00e3o Colosso Premium, \u00e9 um alimento completo para gatas e gatos adultos castrados, composto de prote\u00ednas e carboidratos, de \u00f3tima&hellip;<\/p>\n","protected":false},"featured_media":260,"comment_status":"open","ping_status":"closed","template":"","meta":[],"product_cat":[15],"product_tag":[],"_links":{"self":[{"href":"https:\/\/www.bhpet.com.br\/index.php?rest_route=\/wp\/v2\/product\/259"}],"collection":[{"href":"https:\/\/www.bhpet.com.br\/index.php?rest_route=\/wp\/v2\/product"}],"about":[{"href":"https:\/\/www.bhpet.com.br\/index.php?rest_route=\/wp\/v2\/types\/product"}],"replies":[{"embeddable":true,"href":"https:\/\/www.bhpet.com.br\/index.php?rest_route=%2Fwp%2Fv2%2Fcomments&post=259"}],"wp:featuredmedia":[{"embeddable":true,"href":"https:\/\/www.bhpet.com.br\/index.php?rest_route=\/wp\/v2\/media\/260"}],"wp:attachment":[{"href":"https:\/\/www.bhpet.com.br\/index.php?rest_route=%2Fwp%2Fv2%2Fmedia&parent=259"}],"wp:term":[{"taxonomy":"product_cat","embeddable":true,"href":"https:\/\/www.bhpet.com.br\/index.php?rest_route=%2Fwp%2Fv2%2Fproduct_cat&post=259"},{"taxonomy":"product_tag","embeddable":true,"href":"https:\/\/www.bhpet.com.br\/index.php?rest_route=%2Fwp%2Fv2%2Fproduct_tag&post=259"}],"curies":[{"name":"wp","href":"https:\/\/api.w.org\/{rel}","templated":true}]}}