{"id":248,"date":"2024-09-25T21:02:16","date_gmt":"2024-09-25T21:02:16","guid":{"rendered":"https:\/\/www.bhpet.com.br\/?post_type=product&#038;p=248"},"modified":"2026-03-09T18:51:26","modified_gmt":"2026-03-09T18:51:26","slug":"snacks-quatree-pallitus-carne-500g","status":"publish","type":"product","link":"https:\/\/www.bhpet.com.br\/?product=snacks-quatree-pallitus-carne-500g","title":{"rendered":"Snacks Quatree Pallitus Carne 500g"},"content":{"rendered":"<p>&#8211; Indicado para c\u00e3es;<br \/>\n&#8211; Diverte e nutre;<br \/>\n&#8211; Prebi\u00f3tico, equilibra a flora intestinal;<br \/>\n&#8211; Hexametafosfato de s\u00f3dio, auxilia na redu\u00e7\u00e3o de t\u00e1rtaro e mau h\u00e1lito;<br \/>\n&#8211; \u00d4mega 3, pele e pelagem saud\u00e1veis;<br \/>\n&#8211; Dispon\u00edvel em embalagem de 500g.<\/p>\n<p>&nbsp;<\/p>\n<p>Composi\u00e7\u00e3o<\/p>\n<p>Carne Mecanicamente Separada (frango), Carne Mecanicamente Separada (bovino), Prote\u00edna de Soja, Farinha de Trigo, Farinha Patabilizante de f\u00edgado de Frango, Fosfato Bic\u00e1lcico, Hexametafosfato de s\u00f3dio (0,03%), Mananoligossacar\u00eddeo, \u00d3leo de linha\u00e7a, Propileno Glicol, Glicerina Branca bi-destilada USP, Sorbato de Pot\u00e1ssio, \u00c1cido Erit\u00f3rbico, Eritorbato de S\u00f3dio, Cloreto de S\u00f3dio(sal comum), Nitrito de S\u00f3dio, Fosfato Triss\u00f3dico, Corante Aliment\u00edcio e Aromatizante.<\/p>\n","protected":false},"excerpt":{"rendered":"<p>&#8211; Indicado para c\u00e3es; &#8211; Diverte e nutre; &#8211; Prebi\u00f3tico, equilibra a flora intestinal; &#8211; Hexametafosfato de s\u00f3dio, auxilia na&hellip;<\/p>\n","protected":false},"featured_media":249,"comment_status":"open","ping_status":"closed","template":"","meta":[],"product_cat":[15],"product_tag":[],"_links":{"self":[{"href":"https:\/\/www.bhpet.com.br\/index.php?rest_route=\/wp\/v2\/product\/248"}],"collection":[{"href":"https:\/\/www.bhpet.com.br\/index.php?rest_route=\/wp\/v2\/product"}],"about":[{"href":"https:\/\/www.bhpet.com.br\/index.php?rest_route=\/wp\/v2\/types\/product"}],"replies":[{"embeddable":true,"href":"https:\/\/www.bhpet.com.br\/index.php?rest_route=%2Fwp%2Fv2%2Fcomments&post=248"}],"wp:featuredmedia":[{"embeddable":true,"href":"https:\/\/www.bhpet.com.br\/index.php?rest_route=\/wp\/v2\/media\/249"}],"wp:attachment":[{"href":"https:\/\/www.bhpet.com.br\/index.php?rest_route=%2Fwp%2Fv2%2Fmedia&parent=248"}],"wp:term":[{"taxonomy":"product_cat","embeddable":true,"href":"https:\/\/www.bhpet.com.br\/index.php?rest_route=%2Fwp%2Fv2%2Fproduct_cat&post=248"},{"taxonomy":"product_tag","embeddable":true,"href":"https:\/\/www.bhpet.com.br\/index.php?rest_route=%2Fwp%2Fv2%2Fproduct_tag&post=248"}],"curies":[{"name":"wp","href":"https:\/\/api.w.org\/{rel}","templated":true}]}}