{"id":145,"date":"2024-02-05T20:52:15","date_gmt":"2024-02-05T20:52:15","guid":{"rendered":"https:\/\/www.bhpet.com.br\/?post_type=product&#038;p=145"},"modified":"2025-03-21T16:16:46","modified_gmt":"2025-03-21T16:16:46","slug":"racao-special-dog-ultralife-para-caes-adultos-de-racas-medias-e-grandes-15kg","status":"publish","type":"product","link":"https:\/\/www.bhpet.com.br\/?product=racao-special-dog-ultralife-para-caes-adultos-de-racas-medias-e-grandes-15kg","title":{"rendered":"Ra\u00e7\u00e3o Special Dog Ultralife para C\u00e3es Adultos de Ra\u00e7as M\u00e9dias e Grandes 15KG"},"content":{"rendered":"<p>&#8211; Sabor: Frango com batata-doce, beterraba e arroz;<br \/>\n&#8211; Zero corantes e aromatizantes;<br \/>\n&#8211; Enriquecido com Condroitina e Glicosamina para prote\u00e7\u00e3o articular;<br \/>\n&#8211; Fontes nobres de prote\u00edna que contribuem para o fortalecimento muscular;<br \/>\n&#8211; Ze\u00f3lita + Extrato de Yucca: reduz a umidade das fezes, deixando-as mais firmes e com menos odor.<\/p>\n","protected":false},"excerpt":{"rendered":"<p>&#8211; Sabor: Frango com batata-doce, beterraba e arroz; &#8211; Zero corantes e aromatizantes; &#8211; Enriquecido com Condroitina e Glicosamina para&hellip;<\/p>\n","protected":false},"featured_media":146,"comment_status":"open","ping_status":"closed","template":"","meta":[],"product_cat":[24],"product_tag":[],"_links":{"self":[{"href":"https:\/\/www.bhpet.com.br\/index.php?rest_route=\/wp\/v2\/product\/145"}],"collection":[{"href":"https:\/\/www.bhpet.com.br\/index.php?rest_route=\/wp\/v2\/product"}],"about":[{"href":"https:\/\/www.bhpet.com.br\/index.php?rest_route=\/wp\/v2\/types\/product"}],"replies":[{"embeddable":true,"href":"https:\/\/www.bhpet.com.br\/index.php?rest_route=%2Fwp%2Fv2%2Fcomments&post=145"}],"wp:featuredmedia":[{"embeddable":true,"href":"https:\/\/www.bhpet.com.br\/index.php?rest_route=\/wp\/v2\/media\/146"}],"wp:attachment":[{"href":"https:\/\/www.bhpet.com.br\/index.php?rest_route=%2Fwp%2Fv2%2Fmedia&parent=145"}],"wp:term":[{"taxonomy":"product_cat","embeddable":true,"href":"https:\/\/www.bhpet.com.br\/index.php?rest_route=%2Fwp%2Fv2%2Fproduct_cat&post=145"},{"taxonomy":"product_tag","embeddable":true,"href":"https:\/\/www.bhpet.com.br\/index.php?rest_route=%2Fwp%2Fv2%2Fproduct_tag&post=145"}],"curies":[{"name":"wp","href":"https:\/\/api.w.org\/{rel}","templated":true}]}}